{"id":873,"date":"2023-12-14T11:35:11","date_gmt":"2023-12-14T16:35:11","guid":{"rendered":"https:\/\/vumisession.vumigroup.com\/acceso\/"},"modified":"2024-02-06T12:39:57","modified_gmt":"2024-02-06T17:39:57","slug":"acceso","status":"publish","type":"page","link":"https:\/\/vumisession.vumigroup.com\/es\/","title":{"rendered":"Acceso"},"content":{"rendered":"\t\t<div data-elementor-type=\"wp-page\" data-elementor-id=\"873\" class=\"elementor elementor-873 elementor-334\" data-elementor-post-type=\"page\">\n\t\t\t\t\t\t<section class=\"elementor-section elementor-top-section elementor-element elementor-element-2044b042 elementor-section-height-min-height elementor-section-boxed elementor-section-height-default elementor-section-items-middle\" data-id=\"2044b042\" data-element_type=\"section\" data-e-type=\"section\" data-settings=\"{&quot;background_background&quot;:&quot;classic&quot;}\">\n\t\t\t\t\t\t<div class=\"elementor-container elementor-column-gap-wider\">\n\t\t\t\t\t<div class=\"elementor-column elementor-col-33 elementor-top-column elementor-element elementor-element-3f3c9b5b\" data-id=\"3f3c9b5b\" data-element_type=\"column\" data-e-type=\"column\" data-settings=\"{&quot;background_background&quot;:&quot;classic&quot;}\">\n\t\t\t<div class=\"elementor-widget-wrap elementor-element-populated\">\n\t\t\t\t\t\t<section class=\"elementor-section elementor-inner-section elementor-element elementor-element-5a0ed4ae elementor-section-boxed elementor-section-height-default elementor-section-height-default\" data-id=\"5a0ed4ae\" data-element_type=\"section\" data-e-type=\"section\">\n\t\t\t\t\t\t<div class=\"elementor-container elementor-column-gap-default\">\n\t\t\t\t\t<div class=\"elementor-column elementor-col-100 elementor-inner-column elementor-element elementor-element-58e2674\" data-id=\"58e2674\" data-element_type=\"column\" data-e-type=\"column\">\n\t\t\t<div class=\"elementor-widget-wrap elementor-element-populated\">\n\t\t\t\t\t\t<div class=\"elementor-element elementor-element-65c85e7f elementor-widget elementor-widget-image\" data-id=\"65c85e7f\" data-element_type=\"widget\" data-e-type=\"widget\" data-widget_type=\"image.default\">\n\t\t\t\t<div class=\"elementor-widget-container\">\n\t\t\t\t\t\t\t\t\t\t\t\t\t\t\t<img fetchpriority=\"high\" decoding=\"async\" width=\"800\" height=\"292\" src=\"https:\/\/vumisession.vumigroup.com\/wp-content\/uploads\/2023\/11\/vumisessions-1024x374.png\" class=\"attachment-large size-large wp-image-203\" alt=\"\" srcset=\"https:\/\/vumisession.vumigroup.com\/wp-content\/uploads\/2023\/11\/vumisessions-1024x374.png 1024w, https:\/\/vumisession.vumigroup.com\/wp-content\/uploads\/2023\/11\/vumisessions-300x110.png 300w, https:\/\/vumisession.vumigroup.com\/wp-content\/uploads\/2023\/11\/vumisessions-768x281.png 768w, https:\/\/vumisession.vumigroup.com\/wp-content\/uploads\/2023\/11\/vumisessions-1536x562.png 1536w, https:\/\/vumisession.vumigroup.com\/wp-content\/uploads\/2023\/11\/vumisessions-2048x749.png 2048w\" sizes=\"(max-width: 800px) 100vw, 800px\" \/>\t\t\t\t\t\t\t\t\t\t\t\t\t\t\t<\/div>\n\t\t\t\t<\/div>\n\t\t\t\t\t<\/div>\n\t\t<\/div>\n\t\t\t\t\t<\/div>\n\t\t<\/section>\n\t\t\t\t<div class=\"elementor-element elementor-element-2dd196fa elementor-widget-divider--view-line elementor-widget elementor-widget-divider\" data-id=\"2dd196fa\" data-element_type=\"widget\" data-e-type=\"widget\" data-widget_type=\"divider.default\">\n\t\t\t\t<div class=\"elementor-widget-container\">\n\t\t\t\t\t\t\t<div class=\"elementor-divider\">\n\t\t\t<span class=\"elementor-divider-separator\">\n\t\t\t\t\t\t<\/span>\n\t\t<\/div>\n\t\t\t\t\t\t<\/div>\n\t\t\t\t<\/div>\n\t\t\t\t<div class=\"elementor-element elementor-element-a38d454 elementor-widget elementor-widget-html\" data-id=\"a38d454\" data-element_type=\"widget\" data-e-type=\"widget\" data-widget_type=\"html.default\">\n\t\t\t\t<div class=\"elementor-widget-container\">\n\t\t\t\t\t<div class=\"central\">\n<form id=\"loginform\">\n<label for=\"username\">Usuario<\/label>\n\n\t <input class=\"tex\" type=\"text\" id=\"username\" name=\"username\" placeholder=\"Usuario\" required=\"\">\n<label for=\"password\">Contrase\u00f1a<\/label>\n\t\n   <input class=\"tex\" id=\"password\" type=\"password\" placeholder=\"Contrase\u00f1a\" name=\"password\" required=\"\">\n\t<input class=\"styled\" type=\"submit\" value=\"Acceso\">\n<\/form>\n\n<\/div>\n\n\n<script src=\"https:\/\/cdn.jsdelivr.net\/npm\/sweetalert2@11\"><\/script>\n\n<script type=\"text\/javascript\">\n\nconst cookies = document.cookie.split(';');\n\n\nconst index = cookies.indexOf(' vs=true');\nconst index2 = cookies.indexOf('vs=true');\nconst index3 = cookies.findIndex((cookie) => cookie.includes(\"token_vumi_session\"));\n\n\nif (index >= 0 || index2 >= 0 || index3 >= 0) {\nwindow.location.href = 'https:\/\/vumisession.vumigroup.com\/es\/page-video\/'\n}\n\nfunction setCookie(name, value, options = {}) {\n  options = options || {};\n\n  let secure = options.secure || false;\n  let sameSite = options.sameSite || 'lax';\n\n  document.cookie = name+\"=\"+value+\";\"+options;\n\n}\n\nasync function handleSubmit2(event) {\n  \tevent.preventDefault();\n\n   \tconst val = new FormData(event.target);\n\n  \tconst dataJson = Object.fromEntries(val.entries());\n  \tlet data = btoa(JSON.stringify(dataJson));\n\n\tlet formData = new URLSearchParams()\n\tformData.append(\"data\", data)\n\t\n\n\tconst resp =  await fetch(\"https:\/\/login.vumievents.com\/index.php\", {\n\t\tmethod: 'POST',\n\t\theaders: {\"content-type\": \"application\/x-www-form-urlencoded\"},\n\t\tbody: formData\n\t})\n\tconst resJson = await resp.json()\n\treturn resJson\n}\n\nconst form = document.querySelector('#loginform');\nform.addEventListener('submit', (e) => { \n\n\t\n\thandleSubmit2(e).then(res => {\n\t\t\/\/document.querySelector('#data').textContent = JSON.stringify(res, undefined, 2)\nconst obj = JSON.parse(JSON.stringify(res, undefined, 2));\n\t\tif (!obj['errors']){\n\t\t    const d = new Date();\n  d.setTime(d.getTime() + (21600000));\n  let expires = \"expires=\"+d.toUTCString();\n\t\t    setCookie('vs', true, { expires: expires });\nwindow.location.href = 'https:\/\/vumisession.vumigroup.com\/es\/page-video\/'\n}else{\n\nSwal.fire({\n\n  icon: 'error',\n\n  title: 'Oops...',\n\n  text: 'Incorrect data. try again. ',\n\n  footer: '<a href=\"https:\/\/agentsportal.vumigroup.com\/\"target=\"_blank\">Se voc\u00ea n\u00e3o sabe seu c\u00f3digo, click here.<\/a>'\n\n})\n\n\n\n}\n\n\t})\n});\n\n\n\t\n<\/script>\n\n\n\n\n\n\t\t\t\t<\/div>\n\t\t\t\t<\/div>\n\t\t\t\t<div class=\"elementor-element elementor-element-57dab218 elementor-widget-divider--view-line elementor-widget elementor-widget-divider\" data-id=\"57dab218\" data-element_type=\"widget\" data-e-type=\"widget\" data-widget_type=\"divider.default\">\n\t\t\t\t<div class=\"elementor-widget-container\">\n\t\t\t\t\t\t\t<div class=\"elementor-divider\">\n\t\t\t<span class=\"elementor-divider-separator\">\n\t\t\t\t\t\t<\/span>\n\t\t<\/div>\n\t\t\t\t\t\t<\/div>\n\t\t\t\t<\/div>\n\t\t\t\t\t<\/div>\n\t\t<\/div>\n\t\t\t\t<div class=\"elementor-column elementor-col-33 elementor-top-column elementor-element elementor-element-471c8082\" data-id=\"471c8082\" data-element_type=\"column\" data-e-type=\"column\" data-settings=\"{&quot;background_background&quot;:&quot;classic&quot;}\">\n\t\t\t<div class=\"elementor-widget-wrap\">\n\t\t\t\t\t\t\t<\/div>\n\t\t<\/div>\n\t\t\t\t<div class=\"elementor-column elementor-col-33 elementor-top-column elementor-element elementor-element-5c48f5ac\" data-id=\"5c48f5ac\" data-element_type=\"column\" data-e-type=\"column\" data-settings=\"{&quot;background_background&quot;:&quot;classic&quot;}\">\n\t\t\t<div class=\"elementor-widget-wrap\">\n\t\t\t\t\t\t\t<\/div>\n\t\t<\/div>\n\t\t\t\t\t<\/div>\n\t\t<\/section>\n\t\t\t\t<\/div>\n\t\t","protected":false},"excerpt":{"rendered":"<p>Usuario Contrase\u00f1a<\/p>\n","protected":false},"author":3,"featured_media":0,"parent":0,"menu_order":0,"comment_status":"closed","ping_status":"closed","template":"elementor_canvas","meta":{"footnotes":""},"class_list":["post-873","page","type-page","status-publish","hentry"],"_links":{"self":[{"href":"https:\/\/vumisession.vumigroup.com\/es\/wp-json\/wp\/v2\/pages\/873","targetHints":{"allow":["GET"]}}],"collection":[{"href":"https:\/\/vumisession.vumigroup.com\/es\/wp-json\/wp\/v2\/pages"}],"about":[{"href":"https:\/\/vumisession.vumigroup.com\/es\/wp-json\/wp\/v2\/types\/page"}],"author":[{"embeddable":true,"href":"https:\/\/vumisession.vumigroup.com\/es\/wp-json\/wp\/v2\/users\/3"}],"replies":[{"embeddable":true,"href":"https:\/\/vumisession.vumigroup.com\/es\/wp-json\/wp\/v2\/comments?post=873"}],"version-history":[{"count":28,"href":"https:\/\/vumisession.vumigroup.com\/es\/wp-json\/wp\/v2\/pages\/873\/revisions"}],"predecessor-version":[{"id":1221,"href":"https:\/\/vumisession.vumigroup.com\/es\/wp-json\/wp\/v2\/pages\/873\/revisions\/1221"}],"wp:attachment":[{"href":"https:\/\/vumisession.vumigroup.com\/es\/wp-json\/wp\/v2\/media?parent=873"}],"curies":[{"name":"wp","href":"https:\/\/api.w.org\/{rel}","templated":true}]}}